{"id":12417,"date":"2020-04-24T07:53:16","date_gmt":"2020-04-24T07:53:16","guid":{"rendered":"https:\/\/www.logi-technic.be\/?page_id=12417"},"modified":"2024-06-07T10:10:45","modified_gmt":"2024-06-07T10:10:45","slug":"envoye-application-spontaneous","status":"publish","type":"page","link":"https:\/\/www.logi-technic.be\/fr\/envoye-application-spontaneous\/","title":{"rendered":"Oui, cette candidature spontan\u00e9e est arriv\u00e9e !"},"content":{"rendered":"<p>Comme c&rsquo;est agr\u00e9able que vous vouliez faire partie de notre \u00e9quipe. Nous vous contacterons d\u00e8s que possible!<\/p>\n","protected":false},"excerpt":{"rendered":"<p>Comme c&rsquo;est agr\u00e9able que vous vouliez faire partie de notre \u00e9quipe. Nous vous contacterons d\u00e8s que possible!<\/p>\n","protected":false},"author":6,"featured_media":18483,"parent":0,"menu_order":0,"comment_status":"closed","ping_status":"closed","template":"template-parts\/TEC_general_thanks.php","meta":{"_acf_changed":false,"footnotes":""},"class_list":["post-12417","page","type-page","status-publish","has-post-thumbnail","hentry","entry"],"acf":[],"yoast_head":"<!-- This site is optimized with the Yoast SEO plugin v23.1 - https:\/\/yoast.com\/wordpress\/plugins\/seo\/ -->\n<title>Oui, cette candidature spontan\u00e9e est arriv\u00e9e ! - Logi-technic<\/title>\n<meta name=\"robots\" content=\"index, follow, max-snippet:-1, max-image-preview:large, max-video-preview:-1\" \/>\n<link rel=\"canonical\" href=\"https:\/\/www.logi-technic.be\/fr\/envoye-application-spontaneous\/\" \/>\n<meta property=\"og:locale\" content=\"fr_FR\" \/>\n<meta property=\"og:type\" content=\"article\" \/>\n<meta property=\"og:title\" content=\"Oui, cette candidature spontan\u00e9e est arriv\u00e9e ! - Logi-technic\" \/>\n<meta property=\"og:description\" content=\"Comme c&#039;est agr\u00e9able que vous vouliez faire partie de notre \u00e9quipe. Nous vous contacterons d\u00e8s que possible!\" \/>\n<meta property=\"og:url\" content=\"https:\/\/www.logi-technic.be\/fr\/wp-json\/wp\/v2\/pages\/12417\/\" \/>\n<meta property=\"og:site_name\" content=\"Logi-technic\" \/>\n<meta property=\"article:modified_time\" content=\"2024-06-07T10:10:45+00:00\" \/>\n<meta property=\"og:image\" content=\"https:\/\/www.logi-technic.be\/wp-content\/uploads\/2020\/06\/TecIT207_W-1024x683.jpg\" \/>\n\t<meta property=\"og:image:width\" content=\"1024\" \/>\n\t<meta property=\"og:image:height\" content=\"683\" \/>\n\t<meta property=\"og:image:type\" content=\"image\/jpeg\" \/>\n<meta name=\"twitter:card\" content=\"summary_large_image\" \/>\n<meta name=\"twitter:label1\" content=\"Dur\u00e9e de lecture est.\" \/>\n\t<meta name=\"twitter:data1\" content=\"1 minute\" \/>\n<script type=\"application\/ld+json\" class=\"yoast-schema-graph\">{\"@context\":\"https:\/\/schema.org\",\"@graph\":[{\"@type\":\"WebPage\",\"@id\":\"https:\/\/www.logi-technic.be\/fr\/envoye-application-spontaneous\/\",\"url\":\"https:\/\/www.logi-technic.be\/fr\/envoye-application-spontaneous\/\",\"name\":\"Oui, cette candidature spontan\u00e9e est arriv\u00e9e ! - Logi-technic\",\"isPartOf\":{\"@id\":\"https:\/\/www.logi-technic.be\/fr\/#website\"},\"primaryImageOfPage\":{\"@id\":\"https:\/\/www.logi-technic.be\/fr\/envoye-application-spontaneous\/#primaryimage\"},\"image\":{\"@id\":\"https:\/\/www.logi-technic.be\/fr\/envoye-application-spontaneous\/#primaryimage\"},\"thumbnailUrl\":\"https:\/\/www.logi-technic.be\/wp-content\/uploads\/2025\/03\/Logi-technic-werkvoorbeider-4-scaled.jpg\",\"datePublished\":\"2020-04-24T07:53:16+00:00\",\"dateModified\":\"2024-06-07T10:10:45+00:00\",\"inLanguage\":\"fr-BE\",\"potentialAction\":[{\"@type\":\"ReadAction\",\"target\":[\"https:\/\/www.logi-technic.be\/fr\/envoye-application-spontaneous\/\"]}]},{\"@type\":\"ImageObject\",\"inLanguage\":\"fr-BE\",\"@id\":\"https:\/\/www.logi-technic.be\/fr\/envoye-application-spontaneous\/#primaryimage\",\"url\":\"https:\/\/www.logi-technic.be\/wp-content\/uploads\/2025\/03\/Logi-technic-werkvoorbeider-4-scaled.jpg\",\"contentUrl\":\"https:\/\/www.logi-technic.be\/wp-content\/uploads\/2025\/03\/Logi-technic-werkvoorbeider-4-scaled.jpg\",\"width\":2560,\"height\":1520},{\"@type\":\"WebSite\",\"@id\":\"https:\/\/www.logi-technic.be\/fr\/#website\",\"url\":\"https:\/\/www.logi-technic.be\/fr\/\",\"name\":\"Logi-technic\",\"description\":\"\",\"potentialAction\":[{\"@type\":\"SearchAction\",\"target\":{\"@type\":\"EntryPoint\",\"urlTemplate\":\"https:\/\/www.logi-technic.be\/fr\/?s={search_term_string}\"},\"query-input\":\"required name=search_term_string\"}],\"inLanguage\":\"fr-BE\"}]}<\/script>\n<!-- \/ Yoast SEO plugin. -->","yoast_head_json":{"title":"Oui, cette candidature spontan\u00e9e est arriv\u00e9e ! - Logi-technic","robots":{"index":"index","follow":"follow","max-snippet":"max-snippet:-1","max-image-preview":"max-image-preview:large","max-video-preview":"max-video-preview:-1"},"canonical":"https:\/\/www.logi-technic.be\/fr\/envoye-application-spontaneous\/","og_locale":"fr_FR","og_type":"article","og_title":"Oui, cette candidature spontan\u00e9e est arriv\u00e9e ! - Logi-technic","og_description":"Comme c'est agr\u00e9able que vous vouliez faire partie de notre \u00e9quipe. Nous vous contacterons d\u00e8s que possible!","og_url":"https:\/\/www.logi-technic.be\/fr\/wp-json\/wp\/v2\/pages\/12417\/","og_site_name":"Logi-technic","article_modified_time":"2024-06-07T10:10:45+00:00","og_image":[{"width":1024,"height":683,"url":"https:\/\/www.logi-technic.be\/wp-content\/uploads\/2020\/06\/TecIT207_W-1024x683.jpg","type":"image\/jpeg"}],"twitter_card":"summary_large_image","twitter_misc":{"Dur\u00e9e de lecture est.":"1 minute"},"schema":{"@context":"https:\/\/schema.org","@graph":[{"@type":"WebPage","@id":"https:\/\/www.logi-technic.be\/fr\/envoye-application-spontaneous\/","url":"https:\/\/www.logi-technic.be\/fr\/envoye-application-spontaneous\/","name":"Oui, cette candidature spontan\u00e9e est arriv\u00e9e ! - Logi-technic","isPartOf":{"@id":"https:\/\/www.logi-technic.be\/fr\/#website"},"primaryImageOfPage":{"@id":"https:\/\/www.logi-technic.be\/fr\/envoye-application-spontaneous\/#primaryimage"},"image":{"@id":"https:\/\/www.logi-technic.be\/fr\/envoye-application-spontaneous\/#primaryimage"},"thumbnailUrl":"https:\/\/www.logi-technic.be\/wp-content\/uploads\/2025\/03\/Logi-technic-werkvoorbeider-4-scaled.jpg","datePublished":"2020-04-24T07:53:16+00:00","dateModified":"2024-06-07T10:10:45+00:00","inLanguage":"fr-BE","potentialAction":[{"@type":"ReadAction","target":["https:\/\/www.logi-technic.be\/fr\/envoye-application-spontaneous\/"]}]},{"@type":"ImageObject","inLanguage":"fr-BE","@id":"https:\/\/www.logi-technic.be\/fr\/envoye-application-spontaneous\/#primaryimage","url":"https:\/\/www.logi-technic.be\/wp-content\/uploads\/2025\/03\/Logi-technic-werkvoorbeider-4-scaled.jpg","contentUrl":"https:\/\/www.logi-technic.be\/wp-content\/uploads\/2025\/03\/Logi-technic-werkvoorbeider-4-scaled.jpg","width":2560,"height":1520},{"@type":"WebSite","@id":"https:\/\/www.logi-technic.be\/fr\/#website","url":"https:\/\/www.logi-technic.be\/fr\/","name":"Logi-technic","description":"","potentialAction":[{"@type":"SearchAction","target":{"@type":"EntryPoint","urlTemplate":"https:\/\/www.logi-technic.be\/fr\/?s={search_term_string}"},"query-input":"required name=search_term_string"}],"inLanguage":"fr-BE"}]}},"_links":{"self":[{"href":"https:\/\/www.logi-technic.be\/fr\/wp-json\/wp\/v2\/pages\/12417"}],"collection":[{"href":"https:\/\/www.logi-technic.be\/fr\/wp-json\/wp\/v2\/pages"}],"about":[{"href":"https:\/\/www.logi-technic.be\/fr\/wp-json\/wp\/v2\/types\/page"}],"author":[{"embeddable":true,"href":"https:\/\/www.logi-technic.be\/fr\/wp-json\/wp\/v2\/users\/6"}],"replies":[{"embeddable":true,"href":"https:\/\/www.logi-technic.be\/fr\/wp-json\/wp\/v2\/comments?post=12417"}],"version-history":[{"count":2,"href":"https:\/\/www.logi-technic.be\/fr\/wp-json\/wp\/v2\/pages\/12417\/revisions"}],"predecessor-version":[{"id":12419,"href":"https:\/\/www.logi-technic.be\/fr\/wp-json\/wp\/v2\/pages\/12417\/revisions\/12419"}],"wp:featuredmedia":[{"embeddable":true,"href":"https:\/\/www.logi-technic.be\/fr\/wp-json\/wp\/v2\/media\/18483"}],"wp:attachment":[{"href":"https:\/\/www.logi-technic.be\/fr\/wp-json\/wp\/v2\/media?parent=12417"}],"curies":[{"name":"wp","href":"https:\/\/api.w.org\/{rel}","templated":true}]}}